{"id":675,"date":"2019-07-18T08:28:16","date_gmt":"2019-07-18T12:28:16","guid":{"rendered":"http:\/\/haryco.com\/lets-get-started\/"},"modified":"2022-10-20T16:14:11","modified_gmt":"2022-10-20T20:14:11","slug":"allons-y","status":"publish","type":"page","link":"https:\/\/haryco.com\/fr\/allons-y\/","title":{"rendered":"Allons-y!"},"content":{"rendered":"<section class=\"l-section wpb_row us_custom_ea56f62c pos-relative height_auto width_full\" id=\"bean-motion-container\"><div class=\"l-section-h i-cf\"><div class=\"g-cols vc_row via_flex valign_middle type_default stacking_default\"><div class=\"vc_col-sm-12 wpb_column vc_column_container\"><div class=\"vc_column-inner\"><div class=\"wpb_wrapper\"><div class=\"g-cols wpb_row contact-content top via_flex valign_middle type_default stacking_default\"><div class=\"vc_col-sm-6 wpb_column vc_column_container bean-rotation-img\"><div class=\"vc_column-inner\"><div class=\"wpb_wrapper\">[vc_raw_html el_class=\u00a0\u00bbbg-animation\u00a0\u00bb css=\u00a0\u00bb%7B%22default%22%3A%7B%22text-align%22%3A%22center%22%7D%7D\u00a0\u00bb]JTNDaWZyYW1lJTIwc3JjJTNEJTIyJTJGd3AtY29udGVudCUyRnRoZW1lcyUyRkltcHJlemEtY2hpbGQlMkZoYXJ5Y28tY3VzdG9tJTJGYmVhbi1tb3Rpb24lMkZpbmRleC5odG1sJTIyJTNFJTNDJTJGaWZyYW1lJTNF[\/vc_raw_html]<div class=\"w-image floating-img align_center\"><div class=\"w-image-h\"><img decoding=\"async\" width=\"360\" height=\"360\" src=\"https:\/\/haryco.com\/wp-content\/uploads\/2019\/08\/HAR_tagline_FR_5.png\" class=\"attachment-large size-large\" alt=\"On cultive les esprits cr\u00e9atifs\" loading=\"lazy\" srcset=\"https:\/\/haryco.com\/wp-content\/uploads\/2019\/08\/HAR_tagline_FR_5.png 360w, https:\/\/haryco.com\/wp-content\/uploads\/2019\/08\/HAR_tagline_FR_5-150x150.png 150w, https:\/\/haryco.com\/wp-content\/uploads\/2019\/08\/HAR_tagline_FR_5-300x300.png 300w, https:\/\/haryco.com\/wp-content\/uploads\/2019\/08\/HAR_tagline_FR_5-100x100.png 100w\" sizes=\"auto, (max-width: 360px) 100vw, 360px\" \/><\/div><\/div><\/div><\/div><\/div><div class=\"vc_col-sm-6 wpb_column vc_column_container contact-details\"><div class=\"vc_column-inner\"><div class=\"wpb_wrapper\"><h3 class=\"w-text\"><span class=\"w-text-h\"><span class=\"w-text-value\">Contactez-nous<\/span><\/span><\/h3><div class=\"wpb_text_column text-titling\"><div class=\"wpb_wrapper\"><p>(+) 514 279-9393<\/p>\n<\/div><\/div><\/div><\/div><\/div><\/div><\/div><\/div><\/div><\/div><\/div><\/section><section class=\"l-section wpb_row contact-details height_auto\"><div class=\"l-section-h i-cf\"><div class=\"g-cols vc_row via_flex valign_top type_boxes stacking_default\"><div class=\"vc_col-sm-6 wpb_column vc_column_container\"><div class=\"vc_column-inner\"><div class=\"wpb_wrapper\"><h3 class=\"w-text\"><span class=\"w-text-h\"><span class=\"w-text-value\">Formulaire de contact<\/span><\/span><\/h3>\n<div class=\"wpcf7 no-js\" id=\"wpcf7-f2673-o1\" lang=\"en-CA\" dir=\"ltr\" data-wpcf7-id=\"2673\">\n<div class=\"screen-reader-response\"><p role=\"status\" aria-live=\"polite\" aria-atomic=\"true\"><\/p> <ul><\/ul><\/div>\n<form action=\"\/fr\/wp-json\/wp\/v2\/pages\/675#wpcf7-f2673-o1\" method=\"post\" class=\"wpcf7-form init\" aria-label=\"Contact form\" novalidate=\"novalidate\" data-status=\"init\">\n<div style=\"display: none;\">\n<input type=\"hidden\" name=\"_wpcf7\" value=\"2673\" \/>\n<input type=\"hidden\" name=\"_wpcf7_version\" value=\"6.0.6\" \/>\n<input type=\"hidden\" name=\"_wpcf7_locale\" value=\"en_CA\" \/>\n<input type=\"hidden\" name=\"_wpcf7_unit_tag\" value=\"wpcf7-f2673-o1\" \/>\n<input type=\"hidden\" name=\"_wpcf7_container_post\" value=\"0\" \/>\n<input type=\"hidden\" name=\"_wpcf7_posted_data_hash\" value=\"\" \/>\n<input type=\"hidden\" name=\"_wpcf7_recaptcha_response\" value=\"\" \/>\n<\/div>\n<p><label> <span class=\"wpcf7-form-control-wrap\" data-name=\"your-name\"><input size=\"40\" maxlength=\"400\" class=\"wpcf7-form-control wpcf7-text wpcf7-validates-as-required\" aria-required=\"true\" aria-invalid=\"false\" placeholder=\"Nom\" value=\"\" type=\"text\" name=\"your-name\" \/><\/span> <\/label>\n<\/p>\n<p><label> <span class=\"wpcf7-form-control-wrap\" data-name=\"your-email\"><input size=\"40\" maxlength=\"400\" class=\"wpcf7-form-control wpcf7-email wpcf7-validates-as-required wpcf7-text wpcf7-validates-as-email\" aria-required=\"true\" aria-invalid=\"false\" placeholder=\"Courriel\" value=\"\" type=\"email\" name=\"your-email\" \/><\/span> <\/label>\n<\/p>\n<p><label> <span class=\"wpcf7-form-control-wrap\" data-name=\"your-message\"><textarea cols=\"40\" rows=\"10\" maxlength=\"2000\" class=\"wpcf7-form-control wpcf7-textarea wpcf7-validates-as-required\" aria-required=\"true\" aria-invalid=\"false\" placeholder=\"Message\" name=\"your-message\"><\/textarea><\/span> <\/label>\n<\/p>\n<p><input class=\"wpcf7-form-control wpcf7-submit has-spinner\" type=\"submit\" value=\"Soumettre\" \/>\n<\/p><div class=\"wpcf7-response-output\" aria-hidden=\"true\"><\/div>\n<\/form>\n<\/div>\n<\/div><\/div><\/div><div class=\"vc_col-sm-6 wpb_column vc_column_container\"><div class=\"vc_column-inner\"><div class=\"wpb_wrapper\"><h3 class=\"w-text\"><span class=\"w-text-h\"><span class=\"w-text-value\">Demande de renseignements<\/span><\/span><\/h3><div class=\"wpb_text_column\"><div class=\"wpb_wrapper\"><p>Vous souhaitez travailler avec nous et voulez en apprendre davantage sur notre approche. Allons-y!<\/p>\n<p>C\u2019est ce qui nous fait avancer. \u00c9crivez-vous sur vos motivations et commen\u00e7ons \u00e0 collaborer.<\/p>\n<\/div><\/div><div class=\"w-separator size_medium\"><\/div><h3 class=\"w-text\"><span class=\"w-text-h\"><span class=\"w-text-value\">Certifications<\/span><\/span><\/h3><div class=\"g-cols wpb_row cert-content via_flex valign_top type_default stacking_default\"><div class=\"vc_col-sm-4 wpb_column vc_column_container Lcol\"><div class=\"vc_column-inner\"><div class=\"wpb_wrapper\"><div class=\"w-image align_none\"><div class=\"w-image-h\"><img decoding=\"async\" width=\"300\" height=\"113\" src=\"https:\/\/haryco.com\/wp-content\/uploads\/2022\/06\/Logo_reconnu_Agriconseils-300x113.png\" class=\"attachment-medium size-medium\" alt=\"Logo reconnu Agriconseils\" loading=\"lazy\" srcset=\"https:\/\/haryco.com\/wp-content\/uploads\/2022\/06\/Logo_reconnu_Agriconseils-300x113.png 300w, https:\/\/haryco.com\/wp-content\/uploads\/2022\/06\/Logo_reconnu_Agriconseils.png 673w\" sizes=\"auto, (max-width: 300px) 100vw, 300px\" \/><\/div><\/div><\/div><\/div><\/div><div class=\"vc_col-sm-8 wpb_column vc_column_container Rcol\"><div class=\"vc_column-inner\"><div class=\"wpb_wrapper\"><div class=\"wpb_text_column cert-text\"><div class=\"wpb_wrapper\"><p>Certains services-conseils b\u00e9n\u00e9ficient d\u2019une aide financi\u00e8re offerte par l\u2019entremise des r\u00e9seaux Agriconseils gr\u00e2ce au Programme services-conseils 2018-2023, mis en \u0153uvre en vertu du Partenariat canadien pour l\u2019agriculture, selon une entente conclue entre les gouvernements du Canada et du Qu\u00e9bec. Notre agence de branding, design et graphisme est reconnue par les r\u00e9seaux Agriconseils et nous permet de vous supporter au cours de votre projet de marque. Contactez-nous pour en savoir plus.<\/p>\n<\/div><\/div><\/div><\/div><\/div><\/div><div class=\"w-separator size_medium\"><\/div><div class=\"g-cols wpb_row cert-content via_flex valign_top type_default stacking_default\"><div class=\"vc_col-sm-4 wpb_column vc_column_container Lcol\"><div class=\"vc_column-inner\"><div class=\"wpb_wrapper\"><div class=\"w-image align_none\"><div class=\"w-image-h\"><img decoding=\"async\" width=\"300\" height=\"300\" src=\"https:\/\/haryco.com\/wp-content\/uploads\/2022\/07\/Fonds-Ecoleader-logo-300x300.png\" class=\"attachment-medium size-medium\" alt=\"Fonds Ecoleader logo\" loading=\"lazy\" srcset=\"https:\/\/haryco.com\/wp-content\/uploads\/2022\/07\/Fonds-Ecoleader-logo-300x300.png 300w, https:\/\/haryco.com\/wp-content\/uploads\/2022\/07\/Fonds-Ecoleader-logo-150x150.png 150w, https:\/\/haryco.com\/wp-content\/uploads\/2022\/07\/Fonds-Ecoleader-logo.png 500w\" sizes=\"auto, (max-width: 300px) 100vw, 300px\" \/><\/div><\/div><\/div><\/div><\/div><div class=\"vc_col-sm-8 wpb_column vc_column_container Rcol\"><div class=\"vc_column-inner\"><div class=\"wpb_wrapper\"><div class=\"wpb_text_column cert-text\"><div class=\"wpb_wrapper\"><p>Haryco fait partie des experts en pratiques d\u2019affaires \u00e9coresponsables\/en technologies propres inscrits au r\u00e9pertoire du Fonds \u00c9coleader. \u00c0 ce titre, nos services pourraient \u00eatre financ\u00e9s dans le cadre d\u2019un projet d\u00e9pos\u00e9 au programme de financement du Fonds \u00c9coleader.<\/p>\n<\/div><\/div><\/div><\/div><\/div><\/div><div class=\"w-separator size_medium\"><\/div><h3 class=\"w-text\"><span class=\"w-text-h\"><span class=\"w-text-value\">Carri\u00e8res et collaborations<\/span><\/span><\/h3><div class=\"wpb_text_column\"><div class=\"wpb_wrapper\"><p>Vous d\u00e9sirez travailler avec nous, en stage, \u00e0 la pige ou faire partie de l\u2019\u00e9quipe ?<\/p>\n<\/div><\/div><div class=\"wpb_text_column\"><div class=\"wpb_wrapper\">&#99;o&#x6c;l&#x61;b&#x40;h&#x61;r&#x79;c&#x6f;&#46;&#x63;&#111;&#x6d;\n<\/div><\/div><\/div><\/div><\/div><\/div><\/div><\/section>\n","protected":false},"excerpt":{"rendered":"[vc_raw_html el_class=\"bg-animation\" css=\"%7B%22default%22%3A%7B%22text-align%22%3A%22center%22%7D%7D\"]JTNDaWZyYW1lJTIwc3JjJTNEJTIyJTJGd3AtY29udGVudCUyRnRoZW1lcyUyRkltcHJlemEtY2hpbGQlMkZoYXJ5Y28tY3VzdG9tJTJGYmVhbi1tb3Rpb24lMkZpbmRleC5odG1sJTIyJTNFJTNDJTJGaWZyYW1lJTNF[\/vc_raw_html]Contactez-nous(+) 514 279-9393 Formulaire de contact Demande de renseignementsVous souhaitez travailler avec nous et voulez en apprendre davantage sur notre approche. Allons-y! C\u2019est ce qui nous fait avancer. \u00c9crivez-vous sur vos motivations et commen\u00e7ons \u00e0 collaborer. CertificationsCertains services-conseils b\u00e9n\u00e9ficient d\u2019une aide financi\u00e8re offerte par l\u2019entremise des r\u00e9seaux Agriconseils gr\u00e2ce au Programme services-conseils 2018-2023,...","protected":false},"author":1,"featured_media":0,"parent":0,"menu_order":0,"comment_status":"closed","ping_status":"closed","template":"","meta":{"_acf_changed":false,"footnotes":""},"class_list":["post-675","page","type-page","status-publish","hentry"],"acf":[],"yoast_head":"<!-- This site is optimized with the Yoast SEO plugin v26.9 - https:\/\/yoast.com\/product\/yoast-seo-wordpress\/ -->\n<title>Experts en image de marque - Contactez-nous - Agence Haryco<\/title>\n<meta name=\"description\" content=\"D\u00e9marrez votre projet de marque. D\u00e9couvrez les aides que vous pourriez obtenir. Contactez nos professionnels du branding : 514 279-9393.\" \/>\n<meta name=\"robots\" content=\"index, follow, max-snippet:-1, max-image-preview:large, max-video-preview:-1\" \/>\n<link rel=\"canonical\" href=\"https:\/\/haryco.com\/fr\/allons-y\/\" \/>\n<meta property=\"og:locale\" content=\"fr_FR\" \/>\n<meta property=\"og:type\" content=\"article\" \/>\n<meta property=\"og:title\" content=\"Experts en image de marque - Contactez-nous - Agence Haryco\" \/>\n<meta property=\"og:description\" content=\"D\u00e9marrez votre projet de marque. D\u00e9couvrez les aides que vous pourriez obtenir. Contactez nos professionnels du branding : 514 279-9393.\" \/>\n<meta property=\"og:url\" content=\"https:\/\/haryco.com\/fr\/allons-y\/\" \/>\n<meta property=\"og:site_name\" content=\"Haryco\" \/>\n<meta property=\"article:publisher\" content=\"https:\/\/www.facebook.com\/ChezValois\/\" \/>\n<meta property=\"article:modified_time\" content=\"2022-10-20T20:14:11+00:00\" \/>\n<meta name=\"twitter:card\" content=\"summary_large_image\" \/>\n<meta name=\"twitter:label1\" content=\"Dur\u00e9e de lecture estim\u00e9e\" \/>\n\t<meta name=\"twitter:data1\" content=\"1 minute\" \/>\n<script type=\"application\/ld+json\" class=\"yoast-schema-graph\">{\"@context\":\"https:\/\/schema.org\",\"@graph\":[{\"@type\":\"WebPage\",\"@id\":\"https:\/\/haryco.com\/fr\/allons-y\/\",\"url\":\"https:\/\/haryco.com\/fr\/allons-y\/\",\"name\":\"Experts en image de marque - Contactez-nous - Agence Haryco\",\"isPartOf\":{\"@id\":\"https:\/\/haryco.com\/#website\"},\"datePublished\":\"2019-07-18T12:28:16+00:00\",\"dateModified\":\"2022-10-20T20:14:11+00:00\",\"description\":\"D\u00e9marrez votre projet de marque. D\u00e9couvrez les aides que vous pourriez obtenir. Contactez nos professionnels du branding : 514 279-9393.\",\"breadcrumb\":{\"@id\":\"https:\/\/haryco.com\/fr\/allons-y\/#breadcrumb\"},\"inLanguage\":\"fr-FR\",\"potentialAction\":[{\"@type\":\"ReadAction\",\"target\":[\"https:\/\/haryco.com\/fr\/allons-y\/\"]}]},{\"@type\":\"BreadcrumbList\",\"@id\":\"https:\/\/haryco.com\/fr\/allons-y\/#breadcrumb\",\"itemListElement\":[{\"@type\":\"ListItem\",\"position\":1,\"name\":\"Home\",\"item\":\"https:\/\/haryco.com\/fr\/\"},{\"@type\":\"ListItem\",\"position\":2,\"name\":\"Allons-y!\"}]},{\"@type\":\"WebSite\",\"@id\":\"https:\/\/haryco.com\/#website\",\"url\":\"https:\/\/haryco.com\/\",\"name\":\"Haryco\",\"description\":\"BRANDING DESIGN PHOTOGRAPHY HAPPINESS PEOPLE EXPERIENCE ADVENTURE INNOVATION EXPLORATION\",\"publisher\":{\"@id\":\"https:\/\/haryco.com\/#organization\"},\"potentialAction\":[{\"@type\":\"SearchAction\",\"target\":{\"@type\":\"EntryPoint\",\"urlTemplate\":\"https:\/\/haryco.com\/?s={search_term_string}\"},\"query-input\":{\"@type\":\"PropertyValueSpecification\",\"valueRequired\":true,\"valueName\":\"search_term_string\"}}],\"inLanguage\":\"fr-FR\"},{\"@type\":\"Organization\",\"@id\":\"https:\/\/haryco.com\/#organization\",\"name\":\"Haryco\",\"url\":\"https:\/\/haryco.com\/\",\"logo\":{\"@type\":\"ImageObject\",\"inLanguage\":\"fr-FR\",\"@id\":\"https:\/\/haryco.com\/#\/schema\/logo\/image\/\",\"url\":\"https:\/\/haryco.com\/wp-content\/uploads\/2019\/07\/haryco-logo.png\",\"contentUrl\":\"https:\/\/haryco.com\/wp-content\/uploads\/2019\/07\/haryco-logo.png\",\"width\":360,\"height\":144,\"caption\":\"Haryco\"},\"image\":{\"@id\":\"https:\/\/haryco.com\/#\/schema\/logo\/image\/\"},\"sameAs\":[\"https:\/\/www.facebook.com\/ChezValois\/\",\"https:\/\/www.instagram.com\/haryco_branding\/\",\"https:\/\/www.linkedin.com\/company\/haryco-branding-design\/about\/\"]}]}<\/script>\n<!-- \/ Yoast SEO plugin. -->","yoast_head_json":{"title":"Experts en image de marque - Contactez-nous - Agence Haryco","description":"D\u00e9marrez votre projet de marque. D\u00e9couvrez les aides que vous pourriez obtenir. Contactez nos professionnels du branding : 514 279-9393.","robots":{"index":"index","follow":"follow","max-snippet":"max-snippet:-1","max-image-preview":"max-image-preview:large","max-video-preview":"max-video-preview:-1"},"canonical":"https:\/\/haryco.com\/fr\/allons-y\/","og_locale":"fr_FR","og_type":"article","og_title":"Experts en image de marque - Contactez-nous - Agence Haryco","og_description":"D\u00e9marrez votre projet de marque. D\u00e9couvrez les aides que vous pourriez obtenir. Contactez nos professionnels du branding : 514 279-9393.","og_url":"https:\/\/haryco.com\/fr\/allons-y\/","og_site_name":"Haryco","article_publisher":"https:\/\/www.facebook.com\/ChezValois\/","article_modified_time":"2022-10-20T20:14:11+00:00","twitter_card":"summary_large_image","twitter_misc":{"Dur\u00e9e de lecture estim\u00e9e":"1 minute"},"schema":{"@context":"https:\/\/schema.org","@graph":[{"@type":"WebPage","@id":"https:\/\/haryco.com\/fr\/allons-y\/","url":"https:\/\/haryco.com\/fr\/allons-y\/","name":"Experts en image de marque - Contactez-nous - Agence Haryco","isPartOf":{"@id":"https:\/\/haryco.com\/#website"},"datePublished":"2019-07-18T12:28:16+00:00","dateModified":"2022-10-20T20:14:11+00:00","description":"D\u00e9marrez votre projet de marque. D\u00e9couvrez les aides que vous pourriez obtenir. Contactez nos professionnels du branding : 514 279-9393.","breadcrumb":{"@id":"https:\/\/haryco.com\/fr\/allons-y\/#breadcrumb"},"inLanguage":"fr-FR","potentialAction":[{"@type":"ReadAction","target":["https:\/\/haryco.com\/fr\/allons-y\/"]}]},{"@type":"BreadcrumbList","@id":"https:\/\/haryco.com\/fr\/allons-y\/#breadcrumb","itemListElement":[{"@type":"ListItem","position":1,"name":"Home","item":"https:\/\/haryco.com\/fr\/"},{"@type":"ListItem","position":2,"name":"Allons-y!"}]},{"@type":"WebSite","@id":"https:\/\/haryco.com\/#website","url":"https:\/\/haryco.com\/","name":"Haryco","description":"BRANDING DESIGN PHOTOGRAPHY HAPPINESS PEOPLE EXPERIENCE ADVENTURE INNOVATION EXPLORATION","publisher":{"@id":"https:\/\/haryco.com\/#organization"},"potentialAction":[{"@type":"SearchAction","target":{"@type":"EntryPoint","urlTemplate":"https:\/\/haryco.com\/?s={search_term_string}"},"query-input":{"@type":"PropertyValueSpecification","valueRequired":true,"valueName":"search_term_string"}}],"inLanguage":"fr-FR"},{"@type":"Organization","@id":"https:\/\/haryco.com\/#organization","name":"Haryco","url":"https:\/\/haryco.com\/","logo":{"@type":"ImageObject","inLanguage":"fr-FR","@id":"https:\/\/haryco.com\/#\/schema\/logo\/image\/","url":"https:\/\/haryco.com\/wp-content\/uploads\/2019\/07\/haryco-logo.png","contentUrl":"https:\/\/haryco.com\/wp-content\/uploads\/2019\/07\/haryco-logo.png","width":360,"height":144,"caption":"Haryco"},"image":{"@id":"https:\/\/haryco.com\/#\/schema\/logo\/image\/"},"sameAs":["https:\/\/www.facebook.com\/ChezValois\/","https:\/\/www.instagram.com\/haryco_branding\/","https:\/\/www.linkedin.com\/company\/haryco-branding-design\/about\/"]}]}},"_links":{"self":[{"href":"https:\/\/haryco.com\/fr\/wp-json\/wp\/v2\/pages\/675","targetHints":{"allow":["GET"]}}],"collection":[{"href":"https:\/\/haryco.com\/fr\/wp-json\/wp\/v2\/pages"}],"about":[{"href":"https:\/\/haryco.com\/fr\/wp-json\/wp\/v2\/types\/page"}],"author":[{"embeddable":true,"href":"https:\/\/haryco.com\/fr\/wp-json\/wp\/v2\/users\/1"}],"replies":[{"embeddable":true,"href":"https:\/\/haryco.com\/fr\/wp-json\/wp\/v2\/comments?post=675"}],"version-history":[{"count":7,"href":"https:\/\/haryco.com\/fr\/wp-json\/wp\/v2\/pages\/675\/revisions"}],"predecessor-version":[{"id":2851,"href":"https:\/\/haryco.com\/fr\/wp-json\/wp\/v2\/pages\/675\/revisions\/2851"}],"wp:attachment":[{"href":"https:\/\/haryco.com\/fr\/wp-json\/wp\/v2\/media?parent=675"}],"curies":[{"name":"wp","href":"https:\/\/api.w.org\/{rel}","templated":true}]}}