{"id":679,"date":"2019-07-14T21:15:35","date_gmt":"2019-07-15T01:15:35","guid":{"rendered":"http:\/\/haryco.com\/who-we-are\/"},"modified":"2024-10-30T09:28:17","modified_gmt":"2024-10-30T13:28:17","slug":"qui-sommes-nous","status":"publish","type":"page","link":"https:\/\/haryco.com\/fr\/qui-sommes-nous\/","title":{"rendered":"Qui sommes-nous?"},"content":{"rendered":"<section class=\"l-section wpb_row height_large width_full with_img\"><div class=\"l-section-img\" role=\"img\" data-img-width=\"1920\" data-img-height=\"533\" style=\"background-image: url(https:\/\/haryco.com\/wp-content\/uploads\/2022\/09\/haryco_header_quisommesnous.jpg);background-repeat: no-repeat;\"><\/div><div class=\"l-section-h i-cf\"><div class=\"g-cols vc_row via_flex valign_middle type_default stacking_default\"><div class=\"vc_col-sm-12 wpb_column vc_column_container\"><div class=\"vc_column-inner\"><div class=\"wpb_wrapper\"><div class=\"g-cols wpb_row via_flex valign_middle type_default stacking_default\"><div class=\"vc_col-sm-12 vc_col-md-offset-2 vc_col-md-8 wpb_column vc_column_container\"><div class=\"vc_column-inner\"><div class=\"wpb_wrapper\"><div class=\"w-hwrapper valois-haryco-container valign_middle align_center\" style=\"--hwrapper-gap:2rem\"><div class=\"w-image valois align_center\"><div class=\"w-image-h\"><img decoding=\"async\" width=\"100\" height=\"110\" src=\"https:\/\/haryco.com\/wp-content\/uploads\/2022\/07\/logo_vallois.png\" class=\"attachment-us_100_400 size-us_100_400\" alt=\"logo vallois\" loading=\"lazy\" srcset=\"https:\/\/haryco.com\/wp-content\/uploads\/2022\/07\/logo_vallois.png 359w, https:\/\/haryco.com\/wp-content\/uploads\/2022\/07\/logo_vallois-273x300.png 273w\" sizes=\"auto, (max-width: 100px) 100vw, 100px\" \/><\/div><\/div><div class=\"wpb_text_column us_custom_6a9d073a has_text_color\"><div class=\"wpb_wrapper\"><p>devient<\/p>\n<\/div><\/div><div class=\"w-image haryco-about align_center\"><div class=\"w-image-h\"><img decoding=\"async\" width=\"300\" height=\"70\" src=\"https:\/\/haryco.com\/wp-content\/uploads\/2022\/07\/logo_haryco-300x70.png\" class=\"attachment-medium size-medium\" alt=\"logo haryco\" loading=\"lazy\" srcset=\"https:\/\/haryco.com\/wp-content\/uploads\/2022\/07\/logo_haryco-300x70.png 300w, https:\/\/haryco.com\/wp-content\/uploads\/2022\/07\/logo_haryco-1024x238.png 1024w, https:\/\/haryco.com\/wp-content\/uploads\/2022\/07\/logo_haryco.png 1029w\" sizes=\"auto, (max-width: 300px) 100vw, 300px\" \/><\/div><\/div><\/div><div class=\"w-separator size_small\"><\/div><div class=\"wpb_text_column us_custom_d44d8758 has_text_color\"><div class=\"wpb_wrapper\"><p>Originellement connue sous le nom de Chez Valois, notre agence a fait peau neuve apr\u00e8s plus de 15 ans d&rsquo;existence ! M\u00eame compagnie, nouveau nom.<\/p>\n<\/div><\/div><\/div><\/div><\/div><\/div><\/div><\/div><\/div><\/div><\/div><\/section><section class=\"l-section wpb_row us_custom_6d149020 about-services height_small\"><div class=\"l-section-h i-cf\"><div class=\"g-cols vc_row via_flex valign_top type_default stacking_default\"><div class=\"vc_col-sm-10 vc_col-md-offset-1 vc_col-md-10 wpb_column vc_column_container\"><div class=\"vc_column-inner\"><div class=\"wpb_wrapper\"><div class=\"g-cols wpb_row via_flex valign_top type_default stacking_default\"><div class=\"vc_col-sm-10 wpb_column vc_column_container\"><div class=\"vc_column-inner\"><div class=\"wpb_wrapper\"><div class=\"w-image align_center\"><div class=\"w-image-h\"><img decoding=\"async\" width=\"2500\" height=\"1827\" src=\"https:\/\/haryco.com\/wp-content\/uploads\/2024\/10\/sylvie-1.jpg\" class=\"attachment-full size-full\" alt=\"\" loading=\"lazy\" srcset=\"https:\/\/haryco.com\/wp-content\/uploads\/2024\/10\/sylvie-1.jpg 2500w, https:\/\/haryco.com\/wp-content\/uploads\/2024\/10\/sylvie-1-300x219.jpg 300w, https:\/\/haryco.com\/wp-content\/uploads\/2024\/10\/sylvie-1-1024x748.jpg 1024w, https:\/\/haryco.com\/wp-content\/uploads\/2024\/10\/sylvie-1-100x73.jpg 100w, https:\/\/haryco.com\/wp-content\/uploads\/2024\/10\/sylvie-1-150x110.jpg 150w\" sizes=\"auto, (max-width: 2500px) 100vw, 2500px\" \/><\/div><\/div><\/div><\/div><\/div><\/div><div class=\"g-cols wpb_row us_custom_b9ce1279 about-redbox via_flex valign_middle type_default stacking_default\"><div class=\"vc_col-sm-12 wpb_column vc_column_container\"><div class=\"vc_column-inner\"><div class=\"wpb_wrapper\"><div class=\"w-image about-brand-prosper align_none\"><div class=\"w-image-h\"><img decoding=\"async\" width=\"1000\" height=\"726\" src=\"https:\/\/haryco.com\/wp-content\/uploads\/2022\/08\/haryco_image_nousfaisonsprosperer.png\" class=\"attachment-large size-large\" alt=\"Nous faisons prosp\u00e9rer les marques\" loading=\"lazy\" srcset=\"https:\/\/haryco.com\/wp-content\/uploads\/2022\/08\/haryco_image_nousfaisonsprosperer.png 1000w, https:\/\/haryco.com\/wp-content\/uploads\/2022\/08\/haryco_image_nousfaisonsprosperer-300x218.png 300w, https:\/\/haryco.com\/wp-content\/uploads\/2022\/08\/haryco_image_nousfaisonsprosperer-100x73.png 100w, https:\/\/haryco.com\/wp-content\/uploads\/2022\/08\/haryco_image_nousfaisonsprosperer-150x109.png 150w\" sizes=\"auto, (max-width: 1000px) 100vw, 1000px\" \/><\/div><\/div><div class=\"wpb_text_column us_custom_6a9d073a has_text_color\"><div class=\"wpb_wrapper\"><p>Nous accompagnons les entrepreuneur.e.s depuis plus de 15 ans pour cr\u00e9er ou faire \u00e9voluer des marques, et ce \u00e0 l\u2019\u00e9chelle nationale et internationale.<\/p>\n<p>Qu\u2019il s\u2019agisse de lancer un nouveau produit sur le march\u00e9 en cr\u00e9ant une marque distinctive de A \u00e0 Z remplie de sens, ou de redynamiser une identit\u00e9 visuelle existante pour demeurer comp\u00e9titif et dans l\u2019\u00e8re du temps, nous misons sur notre \u00e9quipe \u00ab \u00e9lastique \u00bb de passionn\u00e9s, experts dans leurs domaines, pour porter vos projets. Ils se d\u00e9marquent dans la strat\u00e9gie globale de marque, emballages et \u00e9co-conception, photographie et stylisme culinaire, design et d\u00e9veloppement web, \u00e9criture et r\u00e9daction publicitaire ou encore graphisme et illustration.<br \/>\nLa cr\u00e9ativit\u00e9 structur\u00e9e commence ici.<\/p>\n<\/div><\/div><div class=\"w-btn-wrapper align_center\"><a class=\"w-btn us-btn-style_2 whoweare-button\" href=\"\/fr\/nos-projets\/\"><span class=\"w-btn-label\">Nos collaborations bien-aim\u00e9es<\/span><\/a><\/div><\/div><\/div><\/div><\/div><\/div><\/div><\/div><\/div><\/div><\/section><section class=\"l-section wpb_row pos-relative height_small\" id=\"team\"><div class=\"l-section-h i-cf\"><div class=\"g-cols vc_row via_flex valign_middle type_default stacking_default\"><div class=\"vc_col-sm-12 vc_col-md-offset-1 vc_col-md-10 wpb_column vc_column_container\"><div class=\"vc_column-inner\"><div class=\"wpb_wrapper\"><div class=\"g-cols wpb_row via_flex valign_top type_default reversed stacking_default\"><div class=\"vc_col-sm-5 wpb_column vc_column_container\" id=\"team-textarea\"><div class=\"vc_column-inner\"><div class=\"wpb_wrapper\">[vc_custom_heading text=\u00a0\u00bbL\u2019\u00e9quipe\u00a0\u00bb use_theme_fonts=\u00a0\u00bbyes\u00a0\u00bb el_class=\u00a0\u00bbwwa-tittle\u00a0\u00bb link=\u00a0\u00bb|||\u00a0\u00bb]<div class=\"wpb_text_column\"><div class=\"wpb_wrapper\"><p>Chaque haricot de notre bo\u00eete est s\u00e9lectionn\u00e9 avec soin pour r\u00e9aliser la meilleure recette.<\/p>\n<p>Haryco Branding &amp; Design, c\u2019est une ruche compl\u00e8te de cr\u00e9atifs, embellie de partenaires exceptionnels, qui nous compl\u00e9mentent et qui nous permettent de nous ajuster au besoin pour tous les projets d\u2019envergure et qui nous rend plus flexibles pour r\u00e9pondre aux besoins de tous nos clients.<\/p>\n<p>Notre expertise en cr\u00e9ation de marque est nourrie avant tout d\u2019humains passionn\u00e9s, aventureux, optimistes et audacieux.<\/p>\n<p>D\u00e9veloppons ensemble votre vision.<\/p>\n<\/div><\/div><div class=\"w-btn-wrapper align_none\"><a class=\"w-btn us-btn-style_2 whoweare-button\" title=\"Allons-y!\" href=\"\/fr\/allons-y\/\"><span class=\"w-btn-label\">Contactez-nous<\/span><\/a><\/div><\/div><\/div><\/div><div class=\"vc_col-sm-7 wpb_column vc_column_container\"><div class=\"vc_column-inner\"><div class=\"wpb_wrapper\"><div class=\"w-image align_center\"><div class=\"w-image-h\"><img decoding=\"async\" width=\"729\" height=\"657\" src=\"https:\/\/haryco.com\/wp-content\/uploads\/2022\/07\/quisommesnous2.jpg\" class=\"attachment-large size-large\" alt=\"quisommesnous\" loading=\"lazy\" srcset=\"https:\/\/haryco.com\/wp-content\/uploads\/2022\/07\/quisommesnous2.jpg 729w, https:\/\/haryco.com\/wp-content\/uploads\/2022\/07\/quisommesnous2-300x270.jpg 300w\" sizes=\"auto, (max-width: 729px) 100vw, 729px\" \/><\/div><\/div><\/div><\/div><\/div><\/div><\/div><\/div><\/div><\/div><\/div><\/section><section class=\"l-section wpb_row pos-relative height_small\" id=\"awards-container\"><div class=\"l-section-h i-cf\"><div class=\"g-cols vc_row via_flex valign_middle type_default stacking_default\"><div class=\"vc_col-sm-12 vc_col-md-offset-1 vc_col-md-10 wpb_column vc_column_container\"><div class=\"vc_column-inner\"><div class=\"wpb_wrapper\"><div class=\"g-cols wpb_row via_flex valign_top type_default stacking_default\"><div class=\"vc_col-sm-8 wpb_column vc_column_container\"><div class=\"vc_column-inner\"><div class=\"wpb_wrapper\"><div class=\"w-image align_center\"><div class=\"w-image-h\"><img decoding=\"async\" width=\"988\" height=\"657\" src=\"https:\/\/haryco.com\/wp-content\/uploads\/2022\/07\/quisommesnous3.jpg\" class=\"attachment-full size-full\" alt=\"quisommesnous\" loading=\"lazy\" srcset=\"https:\/\/haryco.com\/wp-content\/uploads\/2022\/07\/quisommesnous3.jpg 988w, https:\/\/haryco.com\/wp-content\/uploads\/2022\/07\/quisommesnous3-300x199.jpg 300w\" sizes=\"auto, (max-width: 988px) 100vw, 988px\" \/><\/div><\/div><\/div><\/div><\/div><\/div><div class=\"g-cols wpb_row awards-mentions-text via_flex valign_top type_default stacking_default\"><div class=\"vc_col-sm-12 wpb_column vc_column_container\"><div class=\"vc_column-inner\"><div class=\"wpb_wrapper\">[vc_custom_heading text=\u00a0\u00bb<cite>Prix<\/cite><br \/>\nMentions\u00a0\u00bb use_theme_fonts=\u00a0\u00bbyes\u00a0\u00bb el_class=\u00a0\u00bbwwa-tittle\u00a0\u00bb link=\u00a0\u00bb|||\u00a0\u00bb]<div class=\"wpb_text_column\"><div class=\"wpb_wrapper\"><p>Nous avons obtenu au fil des ann\u00e9es plus d\u2019une trentaine de prix, mentions et parutions \u00e9ditoriales soit en design et photographie dont Grafika, Applied Art et International Design Awards, IDN magazine\u2026<\/p>\n<\/div><\/div><\/div><\/div><\/div><\/div><\/div><\/div><\/div><\/div><\/div><\/section>\n","protected":false},"excerpt":{"rendered":"devient Originellement connue sous le nom de Chez Valois, notre agence a fait peau neuve apr\u00e8s plus de 15 ans d&rsquo;existence ! M\u00eame compagnie, nouveau nom. Nous accompagnons les entrepreuneur.e.s depuis plus de 15 ans pour cr\u00e9er ou faire \u00e9voluer des marques, et ce \u00e0 l\u2019\u00e9chelle nationale et internationale. Qu\u2019il s\u2019agisse de lancer un nouveau...","protected":false},"author":1,"featured_media":0,"parent":0,"menu_order":0,"comment_status":"closed","ping_status":"closed","template":"","meta":{"_acf_changed":false,"footnotes":""},"class_list":["post-679","page","type-page","status-publish","hentry"],"acf":[],"yoast_head":"<!-- This site is optimized with the Yoast SEO plugin v26.9 - https:\/\/yoast.com\/product\/yoast-seo-wordpress\/ -->\n<title>Qui sommes-nous? &#187; Haryco<\/title>\n<meta name=\"robots\" content=\"index, follow, max-snippet:-1, max-image-preview:large, max-video-preview:-1\" \/>\n<link rel=\"canonical\" href=\"https:\/\/haryco.com\/fr\/qui-sommes-nous\/\" \/>\n<meta property=\"og:locale\" content=\"fr_FR\" \/>\n<meta property=\"og:type\" content=\"article\" \/>\n<meta property=\"og:title\" content=\"Qui sommes-nous? &#187; Haryco\" \/>\n<meta property=\"og:url\" content=\"https:\/\/haryco.com\/fr\/qui-sommes-nous\/\" \/>\n<meta property=\"og:site_name\" content=\"Haryco\" \/>\n<meta property=\"article:publisher\" content=\"https:\/\/www.facebook.com\/ChezValois\/\" \/>\n<meta property=\"article:modified_time\" content=\"2024-10-30T13:28:17+00:00\" \/>\n<meta name=\"twitter:card\" content=\"summary_large_image\" \/>\n<meta name=\"twitter:label1\" content=\"Dur\u00e9e de lecture estim\u00e9e\" \/>\n\t<meta name=\"twitter:data1\" content=\"2 minutes\" \/>\n<script type=\"application\/ld+json\" class=\"yoast-schema-graph\">{\"@context\":\"https:\/\/schema.org\",\"@graph\":[{\"@type\":\"WebPage\",\"@id\":\"https:\/\/haryco.com\/fr\/qui-sommes-nous\/\",\"url\":\"https:\/\/haryco.com\/fr\/qui-sommes-nous\/\",\"name\":\"Qui sommes-nous? &#187; Haryco\",\"isPartOf\":{\"@id\":\"https:\/\/haryco.com\/#website\"},\"datePublished\":\"2019-07-15T01:15:35+00:00\",\"dateModified\":\"2024-10-30T13:28:17+00:00\",\"breadcrumb\":{\"@id\":\"https:\/\/haryco.com\/fr\/qui-sommes-nous\/#breadcrumb\"},\"inLanguage\":\"fr-FR\",\"potentialAction\":[{\"@type\":\"ReadAction\",\"target\":[\"https:\/\/haryco.com\/fr\/qui-sommes-nous\/\"]}]},{\"@type\":\"BreadcrumbList\",\"@id\":\"https:\/\/haryco.com\/fr\/qui-sommes-nous\/#breadcrumb\",\"itemListElement\":[{\"@type\":\"ListItem\",\"position\":1,\"name\":\"Home\",\"item\":\"https:\/\/haryco.com\/fr\/\"},{\"@type\":\"ListItem\",\"position\":2,\"name\":\"Qui sommes-nous?\"}]},{\"@type\":\"WebSite\",\"@id\":\"https:\/\/haryco.com\/#website\",\"url\":\"https:\/\/haryco.com\/\",\"name\":\"Haryco\",\"description\":\"BRANDING DESIGN PHOTOGRAPHY HAPPINESS PEOPLE EXPERIENCE ADVENTURE INNOVATION EXPLORATION\",\"publisher\":{\"@id\":\"https:\/\/haryco.com\/#organization\"},\"potentialAction\":[{\"@type\":\"SearchAction\",\"target\":{\"@type\":\"EntryPoint\",\"urlTemplate\":\"https:\/\/haryco.com\/?s={search_term_string}\"},\"query-input\":{\"@type\":\"PropertyValueSpecification\",\"valueRequired\":true,\"valueName\":\"search_term_string\"}}],\"inLanguage\":\"fr-FR\"},{\"@type\":\"Organization\",\"@id\":\"https:\/\/haryco.com\/#organization\",\"name\":\"Haryco\",\"url\":\"https:\/\/haryco.com\/\",\"logo\":{\"@type\":\"ImageObject\",\"inLanguage\":\"fr-FR\",\"@id\":\"https:\/\/haryco.com\/#\/schema\/logo\/image\/\",\"url\":\"https:\/\/haryco.com\/wp-content\/uploads\/2019\/07\/haryco-logo.png\",\"contentUrl\":\"https:\/\/haryco.com\/wp-content\/uploads\/2019\/07\/haryco-logo.png\",\"width\":360,\"height\":144,\"caption\":\"Haryco\"},\"image\":{\"@id\":\"https:\/\/haryco.com\/#\/schema\/logo\/image\/\"},\"sameAs\":[\"https:\/\/www.facebook.com\/ChezValois\/\",\"https:\/\/www.instagram.com\/haryco_branding\/\",\"https:\/\/www.linkedin.com\/company\/haryco-branding-design\/about\/\"]}]}<\/script>\n<!-- \/ Yoast SEO plugin. -->","yoast_head_json":{"title":"Qui sommes-nous? &#187; Haryco","robots":{"index":"index","follow":"follow","max-snippet":"max-snippet:-1","max-image-preview":"max-image-preview:large","max-video-preview":"max-video-preview:-1"},"canonical":"https:\/\/haryco.com\/fr\/qui-sommes-nous\/","og_locale":"fr_FR","og_type":"article","og_title":"Qui sommes-nous? &#187; Haryco","og_url":"https:\/\/haryco.com\/fr\/qui-sommes-nous\/","og_site_name":"Haryco","article_publisher":"https:\/\/www.facebook.com\/ChezValois\/","article_modified_time":"2024-10-30T13:28:17+00:00","twitter_card":"summary_large_image","twitter_misc":{"Dur\u00e9e de lecture estim\u00e9e":"2 minutes"},"schema":{"@context":"https:\/\/schema.org","@graph":[{"@type":"WebPage","@id":"https:\/\/haryco.com\/fr\/qui-sommes-nous\/","url":"https:\/\/haryco.com\/fr\/qui-sommes-nous\/","name":"Qui sommes-nous? &#187; Haryco","isPartOf":{"@id":"https:\/\/haryco.com\/#website"},"datePublished":"2019-07-15T01:15:35+00:00","dateModified":"2024-10-30T13:28:17+00:00","breadcrumb":{"@id":"https:\/\/haryco.com\/fr\/qui-sommes-nous\/#breadcrumb"},"inLanguage":"fr-FR","potentialAction":[{"@type":"ReadAction","target":["https:\/\/haryco.com\/fr\/qui-sommes-nous\/"]}]},{"@type":"BreadcrumbList","@id":"https:\/\/haryco.com\/fr\/qui-sommes-nous\/#breadcrumb","itemListElement":[{"@type":"ListItem","position":1,"name":"Home","item":"https:\/\/haryco.com\/fr\/"},{"@type":"ListItem","position":2,"name":"Qui sommes-nous?"}]},{"@type":"WebSite","@id":"https:\/\/haryco.com\/#website","url":"https:\/\/haryco.com\/","name":"Haryco","description":"BRANDING DESIGN PHOTOGRAPHY HAPPINESS PEOPLE EXPERIENCE ADVENTURE INNOVATION EXPLORATION","publisher":{"@id":"https:\/\/haryco.com\/#organization"},"potentialAction":[{"@type":"SearchAction","target":{"@type":"EntryPoint","urlTemplate":"https:\/\/haryco.com\/?s={search_term_string}"},"query-input":{"@type":"PropertyValueSpecification","valueRequired":true,"valueName":"search_term_string"}}],"inLanguage":"fr-FR"},{"@type":"Organization","@id":"https:\/\/haryco.com\/#organization","name":"Haryco","url":"https:\/\/haryco.com\/","logo":{"@type":"ImageObject","inLanguage":"fr-FR","@id":"https:\/\/haryco.com\/#\/schema\/logo\/image\/","url":"https:\/\/haryco.com\/wp-content\/uploads\/2019\/07\/haryco-logo.png","contentUrl":"https:\/\/haryco.com\/wp-content\/uploads\/2019\/07\/haryco-logo.png","width":360,"height":144,"caption":"Haryco"},"image":{"@id":"https:\/\/haryco.com\/#\/schema\/logo\/image\/"},"sameAs":["https:\/\/www.facebook.com\/ChezValois\/","https:\/\/www.instagram.com\/haryco_branding\/","https:\/\/www.linkedin.com\/company\/haryco-branding-design\/about\/"]}]}},"_links":{"self":[{"href":"https:\/\/haryco.com\/fr\/wp-json\/wp\/v2\/pages\/679","targetHints":{"allow":["GET"]}}],"collection":[{"href":"https:\/\/haryco.com\/fr\/wp-json\/wp\/v2\/pages"}],"about":[{"href":"https:\/\/haryco.com\/fr\/wp-json\/wp\/v2\/types\/page"}],"author":[{"embeddable":true,"href":"https:\/\/haryco.com\/fr\/wp-json\/wp\/v2\/users\/1"}],"replies":[{"embeddable":true,"href":"https:\/\/haryco.com\/fr\/wp-json\/wp\/v2\/comments?post=679"}],"version-history":[{"count":7,"href":"https:\/\/haryco.com\/fr\/wp-json\/wp\/v2\/pages\/679\/revisions"}],"predecessor-version":[{"id":3203,"href":"https:\/\/haryco.com\/fr\/wp-json\/wp\/v2\/pages\/679\/revisions\/3203"}],"wp:attachment":[{"href":"https:\/\/haryco.com\/fr\/wp-json\/wp\/v2\/media?parent=679"}],"curies":[{"name":"wp","href":"https:\/\/api.w.org\/{rel}","templated":true}]}}